{"id":3843,"date":"2022-01-17T13:42:52","date_gmt":"2022-01-17T12:42:52","guid":{"rendered":"https:\/\/gelbeseiten.irani.at\/?page_id=3843"},"modified":"2022-01-23T21:17:05","modified_gmt":"2022-01-23T20:17:05","slug":"%d8%af%db%8c-%d9%88%db%8c-%d8%a7%db%8c%d9%85%d9%be%d8%b1%d8%b3%d9%88%d9%85","status":"publish","type":"page","link":"https:\/\/gelbeseiten.irani.at\/fa\/%d8%af%db%8c-%d9%88%db%8c-%d8%a7%db%8c%d9%85%d9%be%d8%b1%d8%b3%d9%88%d9%85\/","title":{"rendered":"\u062f\u06cc \u0648\u06cc \u0627\u06cc\u0645\u067e\u0631\u0633\u0648\u0645"},"content":{"rendered":"<p>[et_pb_section fb_built=&#8221;1&#8243; fullwidth=&#8221;on&#8221; admin_label=&#8221;Page Header&#8221; _builder_version=&#8221;4.14.6&#8243; background_color=&#8221;rgba(0,0,0,0)&#8221; background_image=&#8221;https:\/\/gelbeseiten.irani.at\/wp-content\/uploads\/2022\/01\/impressum.jpg&#8221; width=&#8221;100%&#8221; max_width=&#8221;100%&#8221; min_height=&#8221;100%&#8221; height=&#8221;100%&#8221; max_height=&#8221;100%&#8221; overflow-x=&#8221;auto&#8221; overflow-y=&#8221;auto&#8221; background_last_edited=&#8221;on|desktop&#8221; locked=&#8221;off&#8221; global_colors_info=&#8221;{}&#8221;][et_pb_fullwidth_header title=&#8221;\u0646\u06cc\u0644\u0632\u0645\u0646\u062f\u06cc\u0647\u0627\u06cc \u0627\u06cc\u0631\u0627\u0646\u06cc\u0627\u0646 \u0627\u062a\u0631\u06cc\u0634&#8221; text_orientation=&#8221;center&#8221; header_fullscreen=&#8221;on&#8221; header_scroll_down=&#8221;on&#8221; admin_label=&#8221;Hero Section&#8221; _builder_version=&#8221;4.9.7&#8243; title_font=&#8221;Montserrat|on|||&#8221; title_font_size=&#8221;60px&#8221; title_line_height=&#8221;1.4em&#8221; content_font_size=&#8221;22px&#8221; content_line_height=&#8221;1.8em&#8221; subhead_font=&#8221;||||&#8221; background_color=&#8221;rgba(0,0,0,0)&#8221; use_background_color_gradient=&#8221;on&#8221; background_color_gradient_start=&#8221;rgba(0,71,224,0.69)&#8221; background_color_gradient_end=&#8221;rgba(0,0,0,0)&#8221; custom_button_one=&#8221;on&#8221; button_one_text_size=&#8221;16px&#8221; button_one_bg_color=&#8221;#6eba01&#8243; button_one_border_width=&#8221;2px&#8221; button_one_border_color=&#8221;#6eba01&#8243; button_one_border_radius=&#8221;0&#8243; button_one_letter_spacing=&#8221;2&#8243; button_one_font=&#8221;Montserrat|||on|&#8221; button_one_use_icon=&#8221;off&#8221; custom_button_two=&#8221;on&#8221; button_two_text_size=&#8221;16px&#8221; button_two_border_width=&#8221;2px&#8221; button_two_border_color=&#8221;#ffffff&#8221; button_two_border_radius=&#8221;0&#8243; button_two_letter_spacing=&#8221;2&#8243; button_two_font=&#8221;Montserrat|||on|&#8221; button_two_use_icon=&#8221;off&#8221; module_alignment=&#8221;left&#8221; animation_style=&#8221;fade&#8221; button_one_text_color_hover=&#8221;#6eba01&#8243; button_two_text_color_hover=&#8221;#6eba01&#8243; button_one_border_color_hover=&#8221;#ffffff&#8221; button_two_border_color_hover=&#8221;#ffffff&#8221; button_one_border_radius_hover=&#8221;0&#8243; button_two_border_radius_hover=&#8221;0&#8243; button_one_letter_spacing_hover=&#8221;2&#8243; button_two_letter_spacing_hover=&#8221;2&#8243; button_one_bg_color_hover=&#8221;#ffffff&#8221; button_two_bg_color_hover=&#8221;#ffffff&#8221; saved_tabs=&#8221;all&#8221; global_colors_info=&#8221;{}&#8221; button_one_text_size__hover_enabled=&#8221;off&#8221; button_two_text_size__hover_enabled=&#8221;off&#8221; button_one_text_color__hover_enabled=&#8221;on&#8221; button_one_text_color__hover=&#8221;#6eba01&#8243; button_two_text_color__hover_enabled=&#8221;on&#8221; button_two_text_color__hover=&#8221;#6eba01&#8243; button_one_border_width__hover_enabled=&#8221;off&#8221; button_two_border_width__hover_enabled=&#8221;off&#8221; button_one_border_color__hover_enabled=&#8221;on&#8221; button_one_border_color__hover=&#8221;#ffffff&#8221; button_two_border_color__hover_enabled=&#8221;on&#8221; button_two_border_color__hover=&#8221;#ffffff&#8221; button_one_border_radius__hover_enabled=&#8221;on&#8221; button_one_border_radius__hover=&#8221;0&#8243; button_two_border_radius__hover_enabled=&#8221;on&#8221; button_two_border_radius__hover=&#8221;0&#8243; button_one_letter_spacing__hover_enabled=&#8221;on&#8221; button_one_letter_spacing__hover=&#8221;2&#8243; button_two_letter_spacing__hover_enabled=&#8221;on&#8221; button_two_letter_spacing__hover=&#8221;2&#8243; button_one_bg_color__hover_enabled=&#8221;on&#8221; button_one_bg_color__hover=&#8221;#ffffff&#8221; button_two_bg_color__hover_enabled=&#8221;on&#8221; button_two_bg_color__hover=&#8221;#ffffff&#8221;]<\/p>\n<h2>\u0627\u06cc\u0645\u067e\u0631\u0633\u0648\u0645<\/h2>\n<p>[\/et_pb_fullwidth_header][\/et_pb_section][et_pb_section fb_built=&#8221;1&#8243; admin_label=&#8221;Impressum Text&#8221; _builder_version=&#8221;4.14.6&#8243; background_color=&#8221;#f4f4f4&#8243; width=&#8221;100%&#8221; max_width=&#8221;100%&#8221; custom_padding=&#8221;90px||90px||false|false&#8221; locked=&#8221;off&#8221; global_colors_info=&#8221;{}&#8221;][et_pb_row admin_label=&#8221;Impressum Text&#8221; _builder_version=&#8221;4.14.6&#8243; _module_preset=&#8221;default&#8221; width=&#8221;100%&#8221; max_width=&#8221;100%&#8221; custom_padding=&#8221;|0px||0px|false|false&#8221; animation_direction=&#8221;left&#8221; locked=&#8221;off&#8221; global_colors_info=&#8221;{}&#8221;][et_pb_column type=&#8221;4_4&#8243; _builder_version=&#8221;4.5.3&#8243; _module_preset=&#8221;default&#8221; global_colors_info=&#8221;{}&#8221;][et_pb_text _builder_version=&#8221;4.14.6&#8243; _module_preset=&#8221;default&#8221; global_colors_info=&#8221;{}&#8221;]<\/p>\n<h2>\u0627\u06cc\u0645\u067e\u0631\u0633\u0648\u0645<\/h2>\n<p>[\/et_pb_text][et_pb_text admin_label=&#8221;Impressum Text&#8221; module_id=&#8221;anker1&#8243; _builder_version=&#8221;4.14.6&#8243; _module_preset=&#8221;default&#8221; background_color=&#8221;rgba(214,214,214,0.06)&#8221; background_enable_image=&#8221;off&#8221; background_blend=&#8221;screen&#8221; text_orientation=&#8221;force_left&#8221; width=&#8221;100%&#8221; max_width=&#8221;100%&#8221; custom_padding=&#8221;10px||10px||true|true&#8221; custom_css_main_element=&#8221;direction: rtl !important;&#8221; border_radii=&#8221;on|5px|5px|5px|5px&#8221; border_color_all=&#8221;rgba(0,0,0,0)&#8221; global_colors_info=&#8221;{}&#8221;]<\/p>\n<p>Informationspflicht laut \u00a75 E-Commerce Gesetz, \u00a714 Unternehmensgesetzbuch, \u00a763 Gewerbeordnung und Offenlegungspflicht laut \u00a725 Mediengesetz.<\/p>\n<p>Emadi Werbeagentur<br \/>Farzaneh Emadi<br \/>Wehlistra\u00dfe 51<br \/>1200 Wien<br \/>\u00d6sterreich<\/p>\n<p><strong>Unternehmensgegenstand:<\/strong> Werbeagentur<br \/><strong>UID-Nummer:<\/strong> ATU61327718<br \/><strong>Tel.:<\/strong> 0043 1 9424641<br \/><b>Mobil:<\/b> 0043 676 917 60 24<\/p>\n<p><strong>Mitglied bei:<\/strong> WKO, Wien<br \/><strong>Berufsrecht:<\/strong> Gewerbeordnung: www.ris.bka.gv.at<br \/><strong>Aufsichtsbeh\u00f6rde\/Gewerbebeh\u00f6rde:<\/strong> Bezirkshauptmannschaft 1200 Wien<br \/><strong>Berufsbezeichnung:<\/strong> Webdesigner, Grafiker<br \/><strong>Verleihungsstaat:<\/strong> \u00d6sterreich<br \/>Seit 01.01.2005 f\u00fcr den Standort<br \/>1200 Wien, Wehlistra\u00dfe 51\/2\/15<br \/>Berufszweig: Werbeagentur<br \/>GISA-Zahl: 25620238<\/p>\n<p>Informationenspflicht lt. ECG und Mediengesetz:<br \/><a href=\"https:\/\/firmen.wko.at\/farzaneh-emadi-eurowerbung\/wien\/?firmaid=37c567ed-30ce-49fe-bc3f-4df102fd7810\" target=\"_blank\" rel=\"noopener\"><img decoding=\"async\" class=\"alignnone wp-image-2410\" src=\"http:\/\/localhost\/Gelbeseiten\/wp-content\/uploads\/2021\/06\/wko-300x95.jpg\" alt=\"wko\" width=\"152\" height=\"51\" \/><\/a><\/p>\n<p>Fehler und \u00c4nderungen vorbehalten!<\/p>\n<p>Quelle: Erstellt mit dem Impressum Generator von firmenwebseiten.at in Kooperation mit <a href=\"http:\/\/testingly.de\" target=\"_blank\" rel=\"noopener\">testingly.de<\/a><\/p>\n<h3>EU-Streitschlichtung<\/h3>\n<p>Gem\u00e4\u00df Verordnung \u00fcber Online-Streitbeilegung in Verbraucherangelegenheiten (ODR-Verordnung) m\u00f6chten wir Sie \u00fcber die Online-Streitbeilegungsplattform (OS-Plattform) informieren.<br \/>Verbraucher haben die M\u00f6glichkeit, Beschwerden an die Online Streitbeilegungsplattform der Europ\u00e4ischen Kommission unter <a href=\"https:\/\/ec.europa.eu\/consumers\/odr\/main\/index.cfm?event=main.home2.show&amp;lng=DE\" target=\"_blank\" rel=\"nofollow noopener\">http:\/\/ec.europa.eu\/odr?tid=221095742<\/a> zu richten. Die daf\u00fcr notwendigen Kontaktdaten finden Sie oberhalb in unserem Impressum.<\/p>\n<p>Wir m\u00f6chten Sie jedoch darauf hinweisen, dass wir nicht bereit oder verpflichtet sind, an Streitbeilegungsverfahren vor einer Verbraucherschlichtungsstelle teilzunehmen.<\/p>\n<h3>Haftung f\u00fcr Inhalte dieser Webseite<\/h3>\n<p>Wir entwickeln die Inhalte dieser Webseite st\u00e4ndig weiter und bem\u00fchen uns korrekte und aktuelle Informationen bereitzustellen. Leider k\u00f6nnen wir keine Haftung f\u00fcr die Korrektheit aller Inhalte auf dieser Webseite \u00fcbernehmen, speziell f\u00fcr jene die seitens Dritter bereitgestellt wurden.<\/p>\n<p>Sollten Ihnen problematische oder rechtswidrige Inhalte auffallen, bitten wir Sie uns umgehend zu kontaktieren, Sie finden die Kontaktdaten im Impressum.<\/p>\n<h3>Haftung f\u00fcr Links auf dieser Webseite<\/h3>\n<p>Unsere Webseite enth\u00e4lt Links zu anderen Webseiten f\u00fcr deren Inhalt wir nicht verantwortlich sind. Haftung f\u00fcr verlinkte Websites besteht laut <a href=\"https:\/\/www.ris.bka.gv.at\/Dokument.wxe?Abfrage=Bundesnormen&amp;Dokumentnummer=NOR40025813&amp;tid=221095742\" target=\"_blank\" rel=\"noopener nofollow\">\u00a7 17 ECG<\/a> f\u00fcr uns nicht, da wir keine Kenntnis rechtswidriger T\u00e4tigkeiten hatten und haben, uns solche Rechtswidrigkeiten auch bisher nicht aufgefallen sind und wir Links sofort entfernen w\u00fcrden, wenn uns Rechtswidrigkeiten bekannt werden.<\/p>\n<p>Wenn Ihnen rechtswidrige Links auf unserer Website auffallen, bitten wir Sie uns zu kontaktieren, Sie finden die Kontaktdaten im Impressum.<\/p>\n<h3>Urheberrechtshinweis<\/h3>\n<p>Alle Inhalte dieser Webseite (Bilder, Fotos, Texte, Videos) unterliegen dem Urheberrecht. Falls notwendig, werden wir die unerlaubte Nutzung von Teilen der Inhalte unserer Seite rechtlich verfolgen.<\/p>\n<h3>Bildernachweis<\/h3>\n<p>Die Bilder, Fotos und Grafiken auf dieser Webseite sind urheberrechtlich gesch\u00fctzt.<\/p>\n<p>Die Bilderrechte liegen bei den folgenden Fotografen und Unternehmen:<\/p>\n<ul>\n<li>Eurowerbung<\/li>\n<\/ul>\n<p>Quelle: Erstellt mit dem <a title=\"Datenschutz Generator von firmenwebseiten.at\" href=\"https:\/\/www.firmenwebseiten.at\/datenschutz-generator\/\" target=\"_blank\" rel=\"follow noopener\">Datenschutz Generator von firmenwebseiten.at<\/a> in Kooperation mit <a title=\"\" href=\"https:\/\/www.goldadler.at\" target=\"_blank\" rel=\"follow noopener\">goldadler.at<\/a><\/p>\n<p>Mehr auf: <a href=\"https:\/\/www.eurowerbung.at\/impressum\/\" target=\"_blank\" rel=\"noopener\">www.eurowerbung.at<\/a><\/p>\n<p>[\/et_pb_text][\/et_pb_column][\/et_pb_row][\/et_pb_section]<\/p>\n","protected":false},"excerpt":{"rendered":"<p>\u0646\u06cc\u0644\u0632\u0645\u0646\u062f\u06cc\u0647\u0627\u06cc \u0627\u06cc\u0631\u0627\u0646\u06cc\u0627\u0646 \u0627\u062a\u0631\u06cc\u0634 \u0627\u06cc\u0645\u067e\u0631\u0633\u0648\u0645 ; \u0627\u06cc\u0645\u067e\u0631\u0633\u0648\u0645&#8230;<\/p>\n","protected":false},"author":1,"featured_media":0,"parent":0,"menu_order":0,"comment_status":"closed","ping_status":"closed","template":"page_blank.php","meta":{"_et_pb_use_builder":"on","_et_pb_old_content":"","_et_gb_content_width":"","iawp_total_views":0,"footnotes":""},"class_list":["post-3843","page","type-page","status-publish","hentry"],"_links":{"self":[{"href":"https:\/\/gelbeseiten.irani.at\/fa\/wp-json\/wp\/v2\/pages\/3843","targetHints":{"allow":["GET"]}}],"collection":[{"href":"https:\/\/gelbeseiten.irani.at\/fa\/wp-json\/wp\/v2\/pages"}],"about":[{"href":"https:\/\/gelbeseiten.irani.at\/fa\/wp-json\/wp\/v2\/types\/page"}],"author":[{"embeddable":true,"href":"https:\/\/gelbeseiten.irani.at\/fa\/wp-json\/wp\/v2\/users\/1"}],"replies":[{"embeddable":true,"href":"https:\/\/gelbeseiten.irani.at\/fa\/wp-json\/wp\/v2\/comments?post=3843"}],"version-history":[{"count":10,"href":"https:\/\/gelbeseiten.irani.at\/fa\/wp-json\/wp\/v2\/pages\/3843\/revisions"}],"predecessor-version":[{"id":3966,"href":"https:\/\/gelbeseiten.irani.at\/fa\/wp-json\/wp\/v2\/pages\/3843\/revisions\/3966"}],"wp:attachment":[{"href":"https:\/\/gelbeseiten.irani.at\/fa\/wp-json\/wp\/v2\/media?parent=3843"}],"curies":[{"name":"wp","href":"https:\/\/api.w.org\/{rel}","templated":true}]}}